{"id":411,"date":"2023-04-07T08:55:10","date_gmt":"2023-04-07T08:55:10","guid":{"rendered":"https:\/\/furniturepeople.ro\/?post_type=product&#038;p=411"},"modified":"2023-06-24T14:51:51","modified_gmt":"2023-06-24T11:51:51","slug":"antares-tesla-mesh-2","status":"publish","type":"product","link":"https:\/\/furniturepeople.ro\/ro\/product\/antares-tesla-mesh-2\/","title":{"rendered":"Antares Tesla Mesh"},"content":{"rendered":"<div>\n<p>Acest scaun este dedicat persoanelor care apreciaz\u0103 func\u021bionalitatea, identitatea \u0219i originalitatea. Accesorizat cu un mecanism de calitate, u\u0219or de ajustat, TESLA devine un scaun extrem de versatil \u0219i emotiv, oferind confort impresionant pe parcursul \u00eentregii zile la birou. TESLA este scaunul <em><strong>ergonomic<\/strong><\/em>\u00a0care te \u00een\u021belege \u0219i se adapteaz\u0103 dup\u0103 nevoile tale.<\/p>\n<\/div>\n<div>Greutate portant\u0103: 120 kg.<\/div>\n<div><\/div>\n<div>\n<div>Mecanism SYN, auto ajustabil<\/div>\n<div>Scaunul TESLA este accesorizat cu un\u00a0<em>mecanism sincron<\/em>, fabricat \u0219i \u00eenregistrat de Donati Italy, un produc\u0103tor italian de componente pentru scaune, recunoscut pentru competen\u021ba de a realiza produse de calitate de la concept la produs finit. Mecanismul sincron de auto ajustare r\u0103spunde \u00een mod automat la greutatea corporal\u0103, se adapteaz\u0103 u\u0219or \u0219i ofer\u0103 confort total coordin\u00e2nd automat mi\u0219carea dintre \u0219ezutul \u0219i sp\u0103tarul scaunului.<\/div>\n<\/div>\n<div><\/div>\n<div><strong><u>Choosing Refurbished Chairs<\/u><\/strong><strong>: Our chairs are fully tested, and we love bringing these back to life with them being newly upholstered.\u00a0<\/strong><\/div>\n<div>\n<p><strong><u>Parts remain:<\/u> The arms, castors, and base may show signs of wear and tear. This will not affect the functionality of the chair.<\/strong><\/p>\n<\/div>\n<p><strong>Specification Contains<\/strong>:<\/p>\n<ul>\n<li>mecanism sincron.<\/li>\n<li>auto ajustabil \u00een func\u021bie de greutatea utilizatorului.<\/li>\n<li>3 pozi\u021bii de blocare sau liber.<\/li>\n<li>reglarea \u00een\u0103l\u021bimii \u0219ezutului.<\/li>\n<li>transla\u021bie de \u0219ezut.<\/li>\n<\/ul>\n","protected":false},"excerpt":{"rendered":"<p>Acest scaun este dedicat persoanelor care apreciaz\u0103 func\u021bionalitatea, identitatea \u0219i originalitatea. Accesorizat cu un mecanism de calitate, u\u0219or de ajustat, TESLA devine un scaun extrem de versatil \u0219i emotiv, oferind confort impresionant pe parcursul \u00eentregii zile la birou. TESLA este scaunul ergonomic\u00a0care te \u00een\u021belege \u0219i se adapteaz\u0103 dup\u0103 nevoile tale. Greutate portant\u0103: 120 kg. Mecanism [&hellip;]<\/p>\n","protected":false},"featured_media":670,"template":"","meta":{"_acf_changed":false},"product_brand":[],"product_cat":[22,15],"product_tag":[],"class_list":{"0":"post-411","1":"product","2":"type-product","3":"status-publish","4":"has-post-thumbnail","6":"product_cat-office-chairs","7":"product_cat-pre-owned-furniture","8":"pa_brand-antares","9":"pa_color-grey","10":"pa_salerent-rent","11":"pa_salerent-sale","13":"first","14":"instock","15":"featured","16":"shipping-taxable","17":"product-type-simple"},"acf":[],"yoast_head":"<!-- This site is optimized with the Yoast SEO plugin v27.4 - https:\/\/yoast.com\/product\/yoast-seo-wordpress\/ -->\n<title>Antares Tesla Mesh - Furniture People<\/title>\n<meta name=\"robots\" content=\"index, follow, max-snippet:-1, max-image-preview:large, max-video-preview:-1\" \/>\n<link rel=\"canonical\" href=\"https:\/\/furniturepeople.ro\/ro\/product\/antares-tesla-mesh-2\/\" \/>\n<meta property=\"og:locale\" content=\"ro_RO\" \/>\n<meta property=\"og:type\" content=\"article\" \/>\n<meta property=\"og:title\" content=\"Antares Tesla Mesh - Furniture People\" \/>\n<meta property=\"og:description\" content=\"Acest scaun este dedicat persoanelor care apreciaz\u0103 func\u021bionalitatea, identitatea \u0219i originalitatea. Accesorizat cu un mecanism de calitate, u\u0219or de ajustat, TESLA devine un scaun extrem de versatil \u0219i emotiv, oferind confort impresionant pe parcursul \u00eentregii zile la birou. TESLA este scaunul ergonomic\u00a0care te \u00een\u021belege \u0219i se adapteaz\u0103 dup\u0103 nevoile tale. Greutate portant\u0103: 120 kg. Mecanism [&hellip;]\" \/>\n<meta property=\"og:url\" content=\"https:\/\/furniturepeople.ro\/ro\/product\/antares-tesla-mesh-2\/\" \/>\n<meta property=\"og:site_name\" content=\"Furniture People\" \/>\n<meta property=\"article:modified_time\" content=\"2023-06-24T11:51:51+00:00\" \/>\n<meta property=\"og:image\" content=\"https:\/\/furniturepeople.ro\/wp-content\/uploads\/2023\/04\/SR_1003_4-scaled.jpeg\" \/>\n\t<meta property=\"og:image:width\" content=\"1707\" \/>\n\t<meta property=\"og:image:height\" content=\"2560\" \/>\n\t<meta property=\"og:image:type\" content=\"image\/jpeg\" \/>\n<meta name=\"twitter:card\" content=\"summary_large_image\" \/>\n<meta name=\"twitter:label1\" content=\"Timp estimat pentru citire\" \/>\n\t<meta name=\"twitter:data1\" content=\"1 minut\" \/>\n<script type=\"application\/ld+json\" class=\"yoast-schema-graph\">{\"@context\":\"https:\\\/\\\/schema.org\",\"@graph\":[{\"@type\":\"WebPage\",\"@id\":\"https:\\\/\\\/furniturepeople.ro\\\/ro\\\/product\\\/antares-tesla-mesh-2\\\/\",\"url\":\"https:\\\/\\\/furniturepeople.ro\\\/ro\\\/product\\\/antares-tesla-mesh-2\\\/\",\"name\":\"Antares Tesla Mesh - Furniture People\",\"isPartOf\":{\"@id\":\"https:\\\/\\\/furniturepeople.ro\\\/ro\\\/#website\"},\"primaryImageOfPage\":{\"@id\":\"https:\\\/\\\/furniturepeople.ro\\\/ro\\\/product\\\/antares-tesla-mesh-2\\\/#primaryimage\"},\"image\":{\"@id\":\"https:\\\/\\\/furniturepeople.ro\\\/ro\\\/product\\\/antares-tesla-mesh-2\\\/#primaryimage\"},\"thumbnailUrl\":\"https:\\\/\\\/furniturepeople.ro\\\/wp-content\\\/uploads\\\/2023\\\/04\\\/SR_1003_4-scaled.jpeg\",\"datePublished\":\"2023-04-07T08:55:10+00:00\",\"dateModified\":\"2023-06-24T11:51:51+00:00\",\"breadcrumb\":{\"@id\":\"https:\\\/\\\/furniturepeople.ro\\\/ro\\\/product\\\/antares-tesla-mesh-2\\\/#breadcrumb\"},\"inLanguage\":\"ro-RO\",\"potentialAction\":[{\"@type\":\"ReadAction\",\"target\":[\"https:\\\/\\\/furniturepeople.ro\\\/ro\\\/product\\\/antares-tesla-mesh-2\\\/\"]}]},{\"@type\":\"ImageObject\",\"inLanguage\":\"ro-RO\",\"@id\":\"https:\\\/\\\/furniturepeople.ro\\\/ro\\\/product\\\/antares-tesla-mesh-2\\\/#primaryimage\",\"url\":\"https:\\\/\\\/furniturepeople.ro\\\/wp-content\\\/uploads\\\/2023\\\/04\\\/SR_1003_4-scaled.jpeg\",\"contentUrl\":\"https:\\\/\\\/furniturepeople.ro\\\/wp-content\\\/uploads\\\/2023\\\/04\\\/SR_1003_4-scaled.jpeg\",\"width\":1707,\"height\":2560},{\"@type\":\"BreadcrumbList\",\"@id\":\"https:\\\/\\\/furniturepeople.ro\\\/ro\\\/product\\\/antares-tesla-mesh-2\\\/#breadcrumb\",\"itemListElement\":[{\"@type\":\"ListItem\",\"position\":1,\"name\":\"Home\",\"item\":\"https:\\\/\\\/furniturepeople.ro\\\/ro\\\/\"},{\"@type\":\"ListItem\",\"position\":2,\"name\":\"Catalog Produse\",\"item\":\"https:\\\/\\\/furniturepeople.ro\\\/shop\\\/\"},{\"@type\":\"ListItem\",\"position\":3,\"name\":\"Antares Tesla Mesh\"}]},{\"@type\":\"WebSite\",\"@id\":\"https:\\\/\\\/furniturepeople.ro\\\/ro\\\/#website\",\"url\":\"https:\\\/\\\/furniturepeople.ro\\\/ro\\\/\",\"name\":\"Furniture People\",\"description\":\"We offer a second life to used furniture.\",\"potentialAction\":[{\"@type\":\"SearchAction\",\"target\":{\"@type\":\"EntryPoint\",\"urlTemplate\":\"https:\\\/\\\/furniturepeople.ro\\\/ro\\\/?s={search_term_string}\"},\"query-input\":{\"@type\":\"PropertyValueSpecification\",\"valueRequired\":true,\"valueName\":\"search_term_string\"}}],\"inLanguage\":\"ro-RO\"}]}<\/script>\n<!-- \/ Yoast SEO plugin. -->","yoast_head_json":{"title":"Antares Tesla Mesh - Furniture People","robots":{"index":"index","follow":"follow","max-snippet":"max-snippet:-1","max-image-preview":"max-image-preview:large","max-video-preview":"max-video-preview:-1"},"canonical":"https:\/\/furniturepeople.ro\/ro\/product\/antares-tesla-mesh-2\/","og_locale":"ro_RO","og_type":"article","og_title":"Antares Tesla Mesh - Furniture People","og_description":"Acest scaun este dedicat persoanelor care apreciaz\u0103 func\u021bionalitatea, identitatea \u0219i originalitatea. Accesorizat cu un mecanism de calitate, u\u0219or de ajustat, TESLA devine un scaun extrem de versatil \u0219i emotiv, oferind confort impresionant pe parcursul \u00eentregii zile la birou. TESLA este scaunul ergonomic\u00a0care te \u00een\u021belege \u0219i se adapteaz\u0103 dup\u0103 nevoile tale. Greutate portant\u0103: 120 kg. Mecanism [&hellip;]","og_url":"https:\/\/furniturepeople.ro\/ro\/product\/antares-tesla-mesh-2\/","og_site_name":"Furniture People","article_modified_time":"2023-06-24T11:51:51+00:00","og_image":[{"width":1707,"height":2560,"url":"https:\/\/furniturepeople.ro\/wp-content\/uploads\/2023\/04\/SR_1003_4-scaled.jpeg","type":"image\/jpeg"}],"twitter_card":"summary_large_image","twitter_misc":{"Timp estimat pentru citire":"1 minut"},"schema":{"@context":"https:\/\/schema.org","@graph":[{"@type":"WebPage","@id":"https:\/\/furniturepeople.ro\/ro\/product\/antares-tesla-mesh-2\/","url":"https:\/\/furniturepeople.ro\/ro\/product\/antares-tesla-mesh-2\/","name":"Antares Tesla Mesh - Furniture People","isPartOf":{"@id":"https:\/\/furniturepeople.ro\/ro\/#website"},"primaryImageOfPage":{"@id":"https:\/\/furniturepeople.ro\/ro\/product\/antares-tesla-mesh-2\/#primaryimage"},"image":{"@id":"https:\/\/furniturepeople.ro\/ro\/product\/antares-tesla-mesh-2\/#primaryimage"},"thumbnailUrl":"https:\/\/furniturepeople.ro\/wp-content\/uploads\/2023\/04\/SR_1003_4-scaled.jpeg","datePublished":"2023-04-07T08:55:10+00:00","dateModified":"2023-06-24T11:51:51+00:00","breadcrumb":{"@id":"https:\/\/furniturepeople.ro\/ro\/product\/antares-tesla-mesh-2\/#breadcrumb"},"inLanguage":"ro-RO","potentialAction":[{"@type":"ReadAction","target":["https:\/\/furniturepeople.ro\/ro\/product\/antares-tesla-mesh-2\/"]}]},{"@type":"ImageObject","inLanguage":"ro-RO","@id":"https:\/\/furniturepeople.ro\/ro\/product\/antares-tesla-mesh-2\/#primaryimage","url":"https:\/\/furniturepeople.ro\/wp-content\/uploads\/2023\/04\/SR_1003_4-scaled.jpeg","contentUrl":"https:\/\/furniturepeople.ro\/wp-content\/uploads\/2023\/04\/SR_1003_4-scaled.jpeg","width":1707,"height":2560},{"@type":"BreadcrumbList","@id":"https:\/\/furniturepeople.ro\/ro\/product\/antares-tesla-mesh-2\/#breadcrumb","itemListElement":[{"@type":"ListItem","position":1,"name":"Home","item":"https:\/\/furniturepeople.ro\/ro\/"},{"@type":"ListItem","position":2,"name":"Catalog Produse","item":"https:\/\/furniturepeople.ro\/shop\/"},{"@type":"ListItem","position":3,"name":"Antares Tesla Mesh"}]},{"@type":"WebSite","@id":"https:\/\/furniturepeople.ro\/ro\/#website","url":"https:\/\/furniturepeople.ro\/ro\/","name":"Furniture People","description":"We offer a second life to used furniture.","potentialAction":[{"@type":"SearchAction","target":{"@type":"EntryPoint","urlTemplate":"https:\/\/furniturepeople.ro\/ro\/?s={search_term_string}"},"query-input":{"@type":"PropertyValueSpecification","valueRequired":true,"valueName":"search_term_string"}}],"inLanguage":"ro-RO"}]}},"_links":{"self":[{"href":"https:\/\/furniturepeople.ro\/ro\/wp-json\/wp\/v2\/product\/411","targetHints":{"allow":["GET"]}}],"collection":[{"href":"https:\/\/furniturepeople.ro\/ro\/wp-json\/wp\/v2\/product"}],"about":[{"href":"https:\/\/furniturepeople.ro\/ro\/wp-json\/wp\/v2\/types\/product"}],"wp:featuredmedia":[{"embeddable":true,"href":"https:\/\/furniturepeople.ro\/ro\/wp-json\/wp\/v2\/media\/670"}],"wp:attachment":[{"href":"https:\/\/furniturepeople.ro\/ro\/wp-json\/wp\/v2\/media?parent=411"}],"wp:term":[{"taxonomy":"product_brand","embeddable":true,"href":"https:\/\/furniturepeople.ro\/ro\/wp-json\/wp\/v2\/product_brand?post=411"},{"taxonomy":"product_cat","embeddable":true,"href":"https:\/\/furniturepeople.ro\/ro\/wp-json\/wp\/v2\/product_cat?post=411"},{"taxonomy":"product_tag","embeddable":true,"href":"https:\/\/furniturepeople.ro\/ro\/wp-json\/wp\/v2\/product_tag?post=411"}],"curies":[{"name":"wp","href":"https:\/\/api.w.org\/{rel}","templated":true}]}}